{"id":55,"date":"2023-08-13T21:39:09","date_gmt":"2023-08-14T00:39:09","guid":{"rendered":"https:\/\/acidh.org.br\/?page_id=55"},"modified":"2023-10-14T03:15:13","modified_gmt":"2023-10-14T06:15:13","slug":"acoes","status":"publish","type":"page","link":"https:\/\/acidh.org.br\/?page_id=55","title":{"rendered":"A\u00e7\u00f5es"},"content":{"rendered":"\n<div style=\"height:70px\" aria-hidden=\"true\" class=\"wp-block-spacer\"><\/div>\n\n\n\n<figure class=\"wp-block-image aligncenter size-full is-resized\"><img decoding=\"async\" loading=\"lazy\" width=\"510\" height=\"509\" src=\"http:\/\/acidh.org.br\/wp-content\/uploads\/2023\/08\/ACIDH-logo.jpeg\" alt=\"\" class=\"wp-image-74\" style=\"aspect-ratio:1.0019646365422397;width:197px;height:auto\" srcset=\"https:\/\/acidh.org.br\/wp-content\/uploads\/2023\/08\/ACIDH-logo.jpeg 510w, https:\/\/acidh.org.br\/wp-content\/uploads\/2023\/08\/ACIDH-logo-300x300.jpeg 300w, https:\/\/acidh.org.br\/wp-content\/uploads\/2023\/08\/ACIDH-logo-150x150.jpeg 150w, https:\/\/acidh.org.br\/wp-content\/uploads\/2023\/08\/ACIDH-logo-180x180.jpeg 180w\" sizes=\"(max-width: 510px) 100vw, 510px\" \/><\/figure>\n\n\n\n<h2 class=\"wp-block-heading has-text-align-center\" style=\"font-size:28px;font-style:normal;font-weight:300;line-height:1.4\">ACIDH \u2013 Associa\u00e7\u00e3o Centro Integrado para o Desenvolvimento Humano <\/h2>\n\n\n\n<div class=\"wp-block-columns is-layout-flex wp-container-2 wp-block-columns-is-layout-flex\" style=\"margin-top:var(--wp--preset--spacing--medium);margin-bottom:var(--wp--preset--spacing--medium);padding-right:var(--wp--preset--spacing--medium);padding-left:var(--wp--preset--spacing--medium)\">\n<div class=\"wp-block-column is-layout-flow wp-block-column-is-layout-flow\">\n<blockquote class=\"wp-block-quote\">\n<p style=\"margin-top:var(--wp--preset--spacing--xx-small);margin-right:0;margin-bottom:var(--wp--preset--spacing--xx-small);margin-left:0\">A <strong>ACIDH<\/strong> \u2013 <strong><em>Associa\u00e7\u00e3o Centro Integrado para o Desenvolvimento Humano<\/em><\/strong> \u2013 \u00e9 uma associa\u00e7\u00e3o jur\u00eddica de direito privado, sem finalidade pol\u00edtica ou religiosa e sem fins lucrativos, podendo atuar em todo o territ\u00f3rio nacional.<\/p>\n<\/blockquote>\n<\/div>\n<\/div>\n\n\n\n<hr class=\"wp-block-separator has-alpha-channel-opacity is-style-wide\"\/>\n\n\n\n<div style=\"height:20px\" aria-hidden=\"true\" class=\"wp-block-spacer\"><\/div>\n\n\n\n<div class=\"wp-block-columns alignwide is-layout-flex wp-container-6 wp-block-columns-is-layout-flex\" style=\"margin-bottom:0\">\n<div class=\"wp-block-column has-light-background-color has-text-color has-background has-link-color wp-elements-5bc9b102a761487f72f73cdc87bdd3ba is-layout-flow wp-block-column-is-layout-flow\" style=\"color:#000000;padding-top:0em;padding-right:0em;padding-bottom:0em;padding-left:0em\">\n<figure class=\"wp-block-image size-full\"><img decoding=\"async\" loading=\"lazy\" width=\"1000\" height=\"500\" src=\"http:\/\/acidh.org.br\/wp-content\/uploads\/2023\/10\/GIRL.webp\" alt=\"\" class=\"wp-image-257\" style=\"aspect-ratio:1;object-fit:cover\" srcset=\"https:\/\/acidh.org.br\/wp-content\/uploads\/2023\/10\/GIRL.webp 1000w, https:\/\/acidh.org.br\/wp-content\/uploads\/2023\/10\/GIRL-300x150.webp 300w, https:\/\/acidh.org.br\/wp-content\/uploads\/2023\/10\/GIRL-768x384.webp 768w\" sizes=\"(max-width: 1000px) 100vw, 1000px\" \/><\/figure>\n<\/div>\n\n\n\n<div class=\"wp-block-column has-light-background-color has-text-color has-background has-link-color wp-elements-55fb8ffdfdeb328e9fa188fddadec73b has-global-padding is-layout-constrained wp-block-column-is-layout-constrained\" style=\"color:#000000;padding-top:0em;padding-right:0em;padding-bottom:0em;padding-left:0em\">\n<figure class=\"wp-block-image size-large\"><img decoding=\"async\" loading=\"lazy\" width=\"1024\" height=\"502\" src=\"http:\/\/acidh.org.br\/wp-content\/uploads\/2023\/10\/accion-social-1194x585-1-1024x502.webp\" alt=\"\" class=\"wp-image-256\" style=\"aspect-ratio:1;object-fit:cover\" srcset=\"https:\/\/acidh.org.br\/wp-content\/uploads\/2023\/10\/accion-social-1194x585-1-1024x502.webp 1024w, https:\/\/acidh.org.br\/wp-content\/uploads\/2023\/10\/accion-social-1194x585-1-300x147.webp 300w, https:\/\/acidh.org.br\/wp-content\/uploads\/2023\/10\/accion-social-1194x585-1-768x376.webp 768w, https:\/\/acidh.org.br\/wp-content\/uploads\/2023\/10\/accion-social-1194x585-1.webp 1194w\" sizes=\"(max-width: 1024px) 100vw, 1024px\" \/><\/figure>\n<\/div>\n\n\n\n<div class=\"wp-block-column has-light-background-color has-text-color has-background has-link-color wp-elements-1d88941bc6aa3505678e34999846c24c has-global-padding is-layout-constrained wp-block-column-is-layout-constrained\" style=\"color:#000000;padding-top:0em;padding-right:0em;padding-bottom:0em;padding-left:0em\">\n<figure class=\"wp-block-image size-full\"><img decoding=\"async\" loading=\"lazy\" width=\"1024\" height=\"683\" src=\"http:\/\/acidh.org.br\/wp-content\/uploads\/2023\/10\/accion-social-1-1024x683-1.jpg\" alt=\"\" class=\"wp-image-248\" style=\"aspect-ratio:1;object-fit:cover\" srcset=\"https:\/\/acidh.org.br\/wp-content\/uploads\/2023\/10\/accion-social-1-1024x683-1.jpg 1024w, https:\/\/acidh.org.br\/wp-content\/uploads\/2023\/10\/accion-social-1-1024x683-1-300x200.jpg 300w, https:\/\/acidh.org.br\/wp-content\/uploads\/2023\/10\/accion-social-1-1024x683-1-768x512.jpg 768w\" sizes=\"(max-width: 1024px) 100vw, 1024px\" \/><\/figure>\n<\/div>\n<\/div>\n\n\n\n<div style=\"height:30px\" aria-hidden=\"true\" class=\"wp-block-spacer\"><\/div>\n\n\n\n<hr class=\"wp-block-separator aligncenter has-alpha-channel-opacity is-style-wide\"\/>\n\n\n\n<div style=\"height:100px\" aria-hidden=\"true\" class=\"wp-block-spacer\"><\/div>\n\n\n\n<figure class=\"wp-block-image aligncenter size-large is-resized is-style-rounded\"><img decoding=\"async\" src=\"https:\/\/s.w.org\/images\/core\/5.8\/portrait.jpg\" alt=\"Perfil lateral de una mujer con un jersey de cuello alto de color rojizo y un bolso blanco. Mir\u00e1 hacia arriba con los ojos cerrados.\" style=\"width:150px;height:150px\"\/><\/figure>\n\n\n\n<blockquote class=\"wp-block-quote has-text-align-center is-style-large\">\n<p>&#8220;Leve a paz dentro de voc\u00ea e leve-a aos outros.&#8221;<\/p>\n<cite>\u2014 SILO<\/cite><\/blockquote>\n\n\n\n<hr class=\"wp-block-separator has-css-opacity is-style-wide\"\/>\n\n\n\n<div class=\"wp-block-group alignfull has-text-color has-background is-layout-flow wp-block-group-is-layout-flow\" style=\"color:#000000;background-color:#ffffff\">\n<div style=\"height:50px\" aria-hidden=\"true\" class=\"wp-block-spacer\"><\/div>\n\n\n\n<h4 class=\"wp-block-heading has-text-align-center\" id=\"schedule-a-visit\" style=\"font-size:40px;line-height:1.15\"><strong>Entrar em contato<\/strong><\/h4>\n\n\n\n<div class=\"wp-block-buttons is-horizontal is-content-justification-center is-layout-flex wp-container-7 wp-block-buttons-is-layout-flex\">\n<div class=\"wp-block-button has-custom-width wp-block-button__width-50\"><a class=\"wp-block-button__link has-dark-gray-background-color has-text-color has-background wp-element-button\" href=\"mailto:contato@acidh.org.br\" style=\"border-radius:50px;color:#ffffff\" target=\"_blank\" rel=\"noreferrer noopener\">envie-nos um e-mail<\/a><\/div>\n<\/div>\n\n\n\n<div style=\"height:50px\" aria-hidden=\"true\" class=\"wp-block-spacer\"><\/div>\n<\/div>\n","protected":false},"excerpt":{"rendered":"<p>ACIDH \u2013 Associa\u00e7\u00e3o Centro Integrado para o Desenvolvimento Humano A ACIDH \u2013 Associa\u00e7\u00e3o Centro Integrado para o Desenvolvimento Humano \u2013 \u00e9 uma associa\u00e7\u00e3o jur\u00eddica de direito privado, sem finalidade pol\u00edtica ou religiosa e sem fins lucrativos, podendo atuar em todo o territ\u00f3rio nacional. &#8220;Leve a paz dentro de voc\u00ea e leve-a aos outros.&#8221; \u2014 SILO [&hellip;]<\/p>\n","protected":false},"author":1,"featured_media":0,"parent":0,"menu_order":3,"comment_status":"closed","ping_status":"closed","template":"","meta":{"footnotes":""},"_links":{"self":[{"href":"https:\/\/acidh.org.br\/index.php?rest_route=\/wp\/v2\/pages\/55"}],"collection":[{"href":"https:\/\/acidh.org.br\/index.php?rest_route=\/wp\/v2\/pages"}],"about":[{"href":"https:\/\/acidh.org.br\/index.php?rest_route=\/wp\/v2\/types\/page"}],"author":[{"embeddable":true,"href":"https:\/\/acidh.org.br\/index.php?rest_route=\/wp\/v2\/users\/1"}],"replies":[{"embeddable":true,"href":"https:\/\/acidh.org.br\/index.php?rest_route=%2Fwp%2Fv2%2Fcomments&post=55"}],"version-history":[{"count":14,"href":"https:\/\/acidh.org.br\/index.php?rest_route=\/wp\/v2\/pages\/55\/revisions"}],"predecessor-version":[{"id":407,"href":"https:\/\/acidh.org.br\/index.php?rest_route=\/wp\/v2\/pages\/55\/revisions\/407"}],"wp:attachment":[{"href":"https:\/\/acidh.org.br\/index.php?rest_route=%2Fwp%2Fv2%2Fmedia&parent=55"}],"curies":[{"name":"wp","href":"https:\/\/api.w.org\/{rel}","templated":true}]}}