{"id":57,"date":"2023-08-13T21:44:04","date_gmt":"2023-08-14T00:44:04","guid":{"rendered":"https:\/\/acidh.org.br\/?page_id=57"},"modified":"2023-10-12T17:53:58","modified_gmt":"2023-10-12T20:53:58","slug":"saude","status":"publish","type":"page","link":"https:\/\/acidh.org.br\/?page_id=57","title":{"rendered":"Sa\u00fade"},"content":{"rendered":"\n<div class=\"wp-block-cover alignfull has-parallax has-medium-font-size\" style=\"min-height:480px\"><span aria-hidden=\"true\" class=\"wp-block-cover__background has-black-background-color has-background-dim-70 has-background-dim\"><\/span><div role=\"img\" class=\"wp-block-cover__image-background wp-image-239 has-parallax\" style=\"background-position:50% 50%;background-image:url(http:\/\/acidh.org.br\/wp-content\/uploads\/2023\/08\/Nota-1200x800_c.jpeg)\"><\/div><div class=\"wp-block-cover__inner-container is-layout-flow wp-block-cover-is-layout-flow\">\n<div class=\"wp-block-group has-global-padding is-layout-constrained wp-block-group-is-layout-constrained\" style=\"margin-top:0;margin-bottom:0\">\n<div class=\"wp-block-columns is-layout-flex wp-container-4 wp-block-columns-is-layout-flex\">\n<div class=\"wp-block-column is-layout-flow wp-block-column-is-layout-flow\" style=\"flex-basis:23%\"><\/div>\n\n\n\n<div class=\"wp-block-column is-layout-flow wp-container-2 wp-block-column-is-layout-flow\" style=\"padding-right:0;padding-left:0;flex-basis:54%\">\n<h1 class=\"wp-block-heading has-text-align-center has-accent-text-color has-text-color\">Sa\u00fade<\/h1>\n\n\n\n<div style=\"height:40px\" aria-hidden=\"true\" class=\"wp-block-spacer\"><\/div>\n\n\n\n<p class=\"has-text-align-center\" style=\"margin-bottom:var(--wp--preset--spacing--medium)\">Levar <em>uma vis\u00e3o integrada da Sa\u00fade<\/em>, onde sejam contemplados os aspectos f\u00edsicos, psicol\u00f3gicos e transcendentais do indiv\u00edduo.<\/p>\n<\/div>\n\n\n\n<div class=\"wp-block-column is-layout-flow wp-block-column-is-layout-flow\" style=\"flex-basis:23%\"><\/div>\n<\/div>\n<\/div>\n\n\n\n<hr class=\"wp-block-separator aligncenter has-alpha-channel-opacity is-style-default\" style=\"margin-top:0;margin-bottom:0\"\/>\n<\/div><\/div>\n\n\n\n<div style=\"height:40px\" aria-hidden=\"true\" class=\"wp-block-spacer\"><\/div>\n\n\n\n<h2 class=\"wp-block-heading has-text-align-center\" style=\"font-size:30px;font-style:normal;font-weight:300;line-height:1.5\">Sa\u00fade na ACIDH<\/h2>\n\n\n\n<div style=\"height:30px\" aria-hidden=\"true\" class=\"wp-block-spacer\"><\/div>\n\n\n\n<div class=\"wp-block-columns is-layout-flex wp-container-9 wp-block-columns-is-layout-flex\">\n<div class=\"wp-block-column is-vertically-aligned-top is-layout-flow wp-block-column-is-layout-flow\">\n<p> <\/p>\n\n\n\n<figure class=\"wp-block-image aligncenter size-large has-custom-border\"><img decoding=\"async\" loading=\"lazy\" width=\"1024\" height=\"398\" src=\"https:\/\/acidh.org.br\/wp-content\/uploads\/2023\/10\/370629665_773151531481829_5017149120165813354_n-1024x398.jpg\" alt=\"\" class=\"wp-image-229\" style=\"border-radius:5px;object-fit:cover\" srcset=\"https:\/\/acidh.org.br\/wp-content\/uploads\/2023\/10\/370629665_773151531481829_5017149120165813354_n-1024x398.jpg 1024w, https:\/\/acidh.org.br\/wp-content\/uploads\/2023\/10\/370629665_773151531481829_5017149120165813354_n-300x117.jpg 300w, https:\/\/acidh.org.br\/wp-content\/uploads\/2023\/10\/370629665_773151531481829_5017149120165813354_n-768x299.jpg 768w, https:\/\/acidh.org.br\/wp-content\/uploads\/2023\/10\/370629665_773151531481829_5017149120165813354_n-1536x598.jpg 1536w, https:\/\/acidh.org.br\/wp-content\/uploads\/2023\/10\/370629665_773151531481829_5017149120165813354_n-2048x797.jpg 2048w\" sizes=\"(max-width: 1024px) 100vw, 1024px\" \/><\/figure>\n\n\n\n<p class=\"has-text-align-right\" style=\"margin-right:var(--wp--preset--spacing--small);margin-left:var(--wp--preset--spacing--small);font-size:14px\">Acupuntura para Todos<\/p>\n<\/div>\n\n\n\n<div class=\"wp-block-column is-layout-flow wp-block-column-is-layout-flow\">\n<p style=\"font-size:20px\">O Projeto Itinerante <strong>Acupuntura para Todos<\/strong> surgiu em 2017, com a proposta de colocar ao alcance dos moradores de comunidades carentes o conhecimento e experiencia de se tratar com a medicina oriental. E ainda mais, levar <em>uma vis\u00e3o integrada da Sa\u00fade<\/em>, onde sejam contemplados os aspectos f\u00edsicos, psicol\u00f3gicos e transcendentais do indiv\u00edduo.<\/p>\n<\/div>\n<\/div>\n\n\n\n<div style=\"height:40px\" aria-hidden=\"true\" class=\"wp-block-spacer\"><\/div>\n\n\n\n<hr class=\"wp-block-separator has-alpha-channel-opacity is-style-wide\"\/>\n\n\n\n<div style=\"height:40px\" aria-hidden=\"true\" class=\"wp-block-spacer\"><\/div>\n\n\n\n<div class=\"wp-block-group alignfull has-surface-background-color has-background is-layout-flow wp-block-group-is-layout-flow\" style=\"margin-top:0;margin-bottom:0;padding-top:var(--wp--preset--spacing--large);padding-bottom:var(--wp--preset--spacing--large)\">\n<h2 class=\"wp-block-heading has-text-align-center\">Depoimentos<\/h2>\n\n\n\n<div class=\"wp-block-columns is-layout-flex wp-container-18 wp-block-columns-is-layout-flex\" style=\"margin-top:var(--wp--preset--spacing--large);padding-right:0;padding-left:0\">\n<div class=\"wp-block-column is-layout-flow wp-block-column-is-layout-flow\" style=\"padding-right:var(--wp--preset--spacing--x-small);padding-left:var(--wp--preset--spacing--x-small)\">\n<div class=\"wp-block-columns has-background-background-color has-background is-layout-flex wp-container-12 wp-block-columns-is-layout-flex\" style=\"border-radius:5px;padding-top:var(--wp--preset--spacing--x-large);padding-right:var(--wp--preset--spacing--medium);padding-bottom:var(--wp--preset--spacing--x-large);padding-left:var(--wp--preset--spacing--medium)\">\n<div class=\"wp-block-column is-vertically-aligned-center is-layout-flow wp-block-column-is-layout-flow\" style=\"flex-basis:32%\">\n<figure class=\"wp-block-image size-full has-custom-border\"><img decoding=\"async\" src=\"https:\/\/acidh.org.br\/wp-content\/themes\/kortez-fse\/assets\/images\/testimonial-img1.jpg\" alt=\"\" class=\"wp-image-62\" style=\"border-radius:100%\"\/><\/figure>\n<\/div>\n\n\n\n<div class=\"wp-block-column is-layout-flow wp-container-11 wp-block-column-is-layout-flow\" style=\"padding-left:var(--wp--preset--spacing--x-small);flex-basis:68%\">\n<p style=\"padding-bottom:var(--wp--preset--spacing--small)\">&#8220;Diamlorem eiusmod iste veritatis. Provident eum doloremque a felis habitasse vivamus voluptates.&#8221;<\/p>\n\n\n\n<h5 class=\"wp-block-heading\">William George<\/h5>\n\n\n\n<p class=\"has-primary-color has-text-color has-x-small-font-size\">Customer, Agent<\/p>\n<\/div>\n<\/div>\n<\/div>\n\n\n\n<div class=\"wp-block-column is-layout-flow wp-block-column-is-layout-flow\" style=\"padding-right:var(--wp--preset--spacing--x-small);padding-left:var(--wp--preset--spacing--x-small)\">\n<div class=\"wp-block-columns has-background-background-color has-background is-layout-flex wp-container-16 wp-block-columns-is-layout-flex\" style=\"border-radius:5px;padding-top:var(--wp--preset--spacing--x-large);padding-right:var(--wp--preset--spacing--medium);padding-bottom:var(--wp--preset--spacing--x-large);padding-left:var(--wp--preset--spacing--medium)\">\n<div class=\"wp-block-column is-vertically-aligned-center is-layout-flow wp-block-column-is-layout-flow\" style=\"flex-basis:32%\">\n<figure class=\"wp-block-image size-full has-custom-border\"><img decoding=\"async\" src=\"https:\/\/acidh.org.br\/wp-content\/themes\/kortez-fse\/assets\/images\/testimonial-img2.jpg\" alt=\"\" class=\"wp-image-141\" style=\"border-radius:100%\"\/><\/figure>\n<\/div>\n\n\n\n<div class=\"wp-block-column is-layout-flow wp-container-15 wp-block-column-is-layout-flow\" style=\"padding-left:var(--wp--preset--spacing--x-small);flex-basis:68%\">\n<p style=\"padding-bottom:var(--wp--preset--spacing--small)\">&#8220;Diamlorem eiusmod iste veritatis. Provident eum doloremque a felis habitasse vivamus voluptates.&#8221;<\/p>\n\n\n\n<h5 class=\"wp-block-heading\">Sally Henderson<\/h5>\n\n\n\n<p class=\"has-primary-color has-text-color has-x-small-font-size\">Customer, Agent<\/p>\n<\/div>\n<\/div>\n<\/div>\n<\/div>\n\n\n\n<div class=\"wp-block-buttons is-content-justification-center is-layout-flex wp-container-19 wp-block-buttons-is-layout-flex\" style=\"margin-top:var(--wp--preset--spacing--large)\">\n<div class=\"wp-block-button\"><a class=\"wp-block-button__link wp-element-button\">Mais Depoimentos<\/a><\/div>\n<\/div>\n<\/div>\n\n\n\n<div class=\"wp-block-columns alignfull has-text-color has-background is-layout-flex wp-container-24 wp-block-columns-is-layout-flex\" style=\"color:#000000;background-color:#ffffff\">\n<div class=\"wp-block-column is-layout-flow wp-block-column-is-layout-flow\">\n<h3 class=\"wp-block-heading\" style=\"font-size:24px;line-height:1.3\"><strong><a href=\"https:\/\/es-ar.wordpress.org\">Visita virtual \u2197<\/a><\/strong><\/h3>\n\n\n\n<p>Hac\u00e9 una visita virtual al museo. Ideal para colegios y eventos.<\/p>\n<\/div>\n\n\n\n<div class=\"wp-block-column is-layout-flow wp-block-column-is-layout-flow\">\n<h3 class=\"wp-block-heading\" style=\"font-size:24px;line-height:1.3\"><strong><a href=\"https:\/\/es-ar.wordpress.org\">Eventos en curso \u2197<\/a><\/strong><\/h3>\n\n\n\n<p>Mantenete al d\u00eda y consult\u00e1 aqu\u00ed nuestras exposiciones actuales.<\/p>\n<\/div>\n\n\n\n<div class=\"wp-block-column is-layout-flow wp-block-column-is-layout-flow\">\n<h3 class=\"wp-block-heading\" style=\"font-size:24px;line-height:1.3\"><strong><a href=\"https:\/\/es-ar.wordpress.org\">Informaci\u00f3n \u00fatil \u2197<\/a><\/strong><\/h3>\n\n\n\n<p>Conoc\u00e9 nuestros horarios, precios de las entradas y descuentos.<\/p>\n<\/div>\n<\/div>\n","protected":false},"excerpt":{"rendered":"<p>Sa\u00fade na ACIDH Acupuntura para Todos O Projeto Itinerante Acupuntura para Todos surgiu em 2017, com a proposta de colocar ao alcance dos moradores de comunidades carentes o conhecimento e experiencia de se tratar com a medicina oriental. E ainda mais, levar uma vis\u00e3o integrada da Sa\u00fade, onde sejam contemplados os aspectos f\u00edsicos, psicol\u00f3gicos e [&hellip;]<\/p>\n","protected":false},"author":1,"featured_media":0,"parent":55,"menu_order":1,"comment_status":"closed","ping_status":"closed","template":"","meta":{"footnotes":""},"_links":{"self":[{"href":"https:\/\/acidh.org.br\/index.php?rest_route=\/wp\/v2\/pages\/57"}],"collection":[{"href":"https:\/\/acidh.org.br\/index.php?rest_route=\/wp\/v2\/pages"}],"about":[{"href":"https:\/\/acidh.org.br\/index.php?rest_route=\/wp\/v2\/types\/page"}],"author":[{"embeddable":true,"href":"https:\/\/acidh.org.br\/index.php?rest_route=\/wp\/v2\/users\/1"}],"replies":[{"embeddable":true,"href":"https:\/\/acidh.org.br\/index.php?rest_route=%2Fwp%2Fv2%2Fcomments&post=57"}],"version-history":[{"count":13,"href":"https:\/\/acidh.org.br\/index.php?rest_route=\/wp\/v2\/pages\/57\/revisions"}],"predecessor-version":[{"id":339,"href":"https:\/\/acidh.org.br\/index.php?rest_route=\/wp\/v2\/pages\/57\/revisions\/339"}],"up":[{"embeddable":true,"href":"https:\/\/acidh.org.br\/index.php?rest_route=\/wp\/v2\/pages\/55"}],"wp:attachment":[{"href":"https:\/\/acidh.org.br\/index.php?rest_route=%2Fwp%2Fv2%2Fmedia&parent=57"}],"curies":[{"name":"wp","href":"https:\/\/api.w.org\/{rel}","templated":true}]}}