{"id":59,"date":"2023-08-13T21:46:45","date_gmt":"2023-08-14T00:46:45","guid":{"rendered":"https:\/\/acidh.org.br\/?page_id=59"},"modified":"2023-10-12T18:34:26","modified_gmt":"2023-10-12T21:34:26","slug":"social","status":"publish","type":"page","link":"https:\/\/acidh.org.br\/?page_id=59","title":{"rendered":"Social"},"content":{"rendered":"\n<div class=\"wp-block-cover alignfull has-parallax has-medium-font-size\" style=\"margin-top:0;margin-bottom:0;padding-top:var(--wp--preset--spacing--xx-small);padding-bottom:var(--wp--preset--spacing--xx-small);min-height:480px\"><span aria-hidden=\"true\" class=\"wp-block-cover__background has-black-background-color has-background-dim-70 has-background-dim\"><\/span><div role=\"img\" class=\"wp-block-cover__image-background wp-image-247 has-parallax\" style=\"background-position:50% 50%;background-image:url(http:\/\/acidh.org.br\/wp-content\/uploads\/2023\/10\/accin-social-beneficios.jpg)\"><\/div><div class=\"wp-block-cover__inner-container is-layout-flow wp-container-6 wp-block-cover-is-layout-flow\">\n<div class=\"wp-block-group has-global-padding is-layout-constrained wp-block-group-is-layout-constrained\" style=\"margin-top:0;margin-bottom:0\">\n<div class=\"wp-block-columns is-layout-flex wp-container-4 wp-block-columns-is-layout-flex\">\n<div class=\"wp-block-column is-layout-flow wp-block-column-is-layout-flow\" style=\"flex-basis:23%\"><\/div>\n\n\n\n<div class=\"wp-block-column is-layout-flow wp-block-column-is-layout-flow\" style=\"flex-basis:54%\">\n<h1 class=\"wp-block-heading has-text-align-center has-accent-text-color has-text-color\">Social<\/h1>\n\n\n\n<div style=\"height:30px\" aria-hidden=\"true\" class=\"wp-block-spacer\"><\/div>\n\n\n\n<p class=\"has-text-align-center\" style=\"margin-bottom:var(--wp--preset--spacing--medium)\">Assistir e atender crian\u00e7as e fam\u00edlias com necessidades na \u00e1rea de sa\u00fade, incluindo a promo\u00e7\u00e3o de atividades cient\u00edficas, culturais, educacionais.<\/p>\n<\/div>\n\n\n\n<div class=\"wp-block-column is-layout-flow wp-block-column-is-layout-flow\" style=\"flex-basis:23%\"><\/div>\n<\/div>\n<\/div>\n\n\n\n<hr class=\"wp-block-separator has-alpha-channel-opacity\"\/>\n<\/div><\/div>\n\n\n\n<div style=\"height:40px\" aria-hidden=\"true\" class=\"wp-block-spacer\"><\/div>\n\n\n\n<h2 class=\"wp-block-heading has-text-align-center\" style=\"font-size:30px;font-style:normal;font-weight:300;line-height:1.4\">Social<\/h2>\n\n\n\n<div style=\"height:40px\" aria-hidden=\"true\" class=\"wp-block-spacer\"><\/div>\n\n\n\n<div class=\"wp-block-columns is-layout-flex wp-container-9 wp-block-columns-is-layout-flex\" style=\"padding-right:var(--wp--preset--spacing--xx-small);padding-left:var(--wp--preset--spacing--xx-small)\">\n<div class=\"wp-block-column is-layout-flow wp-block-column-is-layout-flow\">\n<p style=\"font-size:18px\">A <strong>ACIDH<\/strong> tem por sua finalidade principal, assistir e atender crian\u00e7as e fam\u00edlias com necessidades na \u00e1rea de sa\u00fade, incluindo a promo\u00e7\u00e3o de atividades cient\u00edficas, culturais, educacionais e liter\u00e1rias nas \u00e1res de sa\u00fade, cidadania e desenvolvimento socioecon\u00f4mico de comunidades.<\/p>\n\n\n\n<figure class=\"wp-block-image aligncenter size-large\"><img decoding=\"async\" loading=\"lazy\" width=\"1024\" height=\"502\" src=\"http:\/\/acidh.org.br\/wp-content\/uploads\/2023\/10\/accion-social-1194x585-1-1024x502.webp\" alt=\"\" class=\"wp-image-256\" srcset=\"https:\/\/acidh.org.br\/wp-content\/uploads\/2023\/10\/accion-social-1194x585-1-1024x502.webp 1024w, https:\/\/acidh.org.br\/wp-content\/uploads\/2023\/10\/accion-social-1194x585-1-300x147.webp 300w, https:\/\/acidh.org.br\/wp-content\/uploads\/2023\/10\/accion-social-1194x585-1-768x376.webp 768w, https:\/\/acidh.org.br\/wp-content\/uploads\/2023\/10\/accion-social-1194x585-1.webp 1194w\" sizes=\"(max-width: 1024px) 100vw, 1024px\" \/><\/figure>\n<\/div>\n\n\n\n<div class=\"wp-block-column is-layout-flow wp-block-column-is-layout-flow\">\n<p>Para tanto, busca promover as seguintes atividades:<\/p>\n\n\n\n<ul>\n<li>Atendimento \u00e0 popula\u00e7\u00e3o e sua comunidade nas \u00e1reas de aten\u00e7\u00e3o b\u00e1sica, com \u00eanfase nas estrat\u00e9gia da <strong>Sa\u00fade da Fam\u00edlia<\/strong>, visando a assist\u00eancia integral \u00e0 Sa\u00fade, inclusive com psic\u00f3logos e educadores f\u00edsicos;<\/li>\n\n\n\n<li><span style=\"color: initial;\">Presta\u00e7\u00e3o de servi\u00e7os na \u00e1rea da Sa\u00fade, principalmente atrav\u00e9s da medicina chinesa, como acupuntura, fitoterapia, tai chi chuan, entre outros;<\/span><\/li>\n\n\n\n<li><span style=\"color: initial;\">Atendimento \u00e0 popula\u00e7\u00e3o em situa\u00e7\u00f5es emergenciais na \u00e1rea da Sa\u00fade, visando a seguran\u00e7a humana, tais como emerg\u00eancias m\u00e9dicas decorrentes de nova doen\u00e7a no Pa\u00eds ou de cat\u00e1strofes, sem limita\u00e7\u00e3o de outras;<\/span><\/li>\n\n\n\n<li>Elabora\u00e7\u00e3o, implementa\u00e7\u00e3o, participa\u00e7\u00e3o e ainda foca no acompanhamento de projetos nas \u00e1reas de sua atua\u00e7\u00e3o.<\/li>\n<\/ul>\n<\/div>\n<\/div>\n\n\n\n<div style=\"height:40px\" aria-hidden=\"true\" class=\"wp-block-spacer\"><\/div>\n\n\n\n<hr class=\"wp-block-separator has-alpha-channel-opacity is-style-wide\"\/>\n\n\n\n<div style=\"height:40px\" aria-hidden=\"true\" class=\"wp-block-spacer\"><\/div>\n","protected":false},"excerpt":{"rendered":"<p>Social A ACIDH tem por sua finalidade principal, assistir e atender crian\u00e7as e fam\u00edlias com necessidades na \u00e1rea de sa\u00fade, incluindo a promo\u00e7\u00e3o de atividades cient\u00edficas, culturais, educacionais e liter\u00e1rias nas \u00e1res de sa\u00fade, cidadania e desenvolvimento socioecon\u00f4mico de comunidades. Para tanto, busca promover as seguintes atividades:<\/p>\n","protected":false},"author":1,"featured_media":0,"parent":55,"menu_order":2,"comment_status":"closed","ping_status":"closed","template":"","meta":{"footnotes":""},"_links":{"self":[{"href":"https:\/\/acidh.org.br\/index.php?rest_route=\/wp\/v2\/pages\/59"}],"collection":[{"href":"https:\/\/acidh.org.br\/index.php?rest_route=\/wp\/v2\/pages"}],"about":[{"href":"https:\/\/acidh.org.br\/index.php?rest_route=\/wp\/v2\/types\/page"}],"author":[{"embeddable":true,"href":"https:\/\/acidh.org.br\/index.php?rest_route=\/wp\/v2\/users\/1"}],"replies":[{"embeddable":true,"href":"https:\/\/acidh.org.br\/index.php?rest_route=%2Fwp%2Fv2%2Fcomments&post=59"}],"version-history":[{"count":6,"href":"https:\/\/acidh.org.br\/index.php?rest_route=\/wp\/v2\/pages\/59\/revisions"}],"predecessor-version":[{"id":347,"href":"https:\/\/acidh.org.br\/index.php?rest_route=\/wp\/v2\/pages\/59\/revisions\/347"}],"up":[{"embeddable":true,"href":"https:\/\/acidh.org.br\/index.php?rest_route=\/wp\/v2\/pages\/55"}],"wp:attachment":[{"href":"https:\/\/acidh.org.br\/index.php?rest_route=%2Fwp%2Fv2%2Fmedia&parent=59"}],"curies":[{"name":"wp","href":"https:\/\/api.w.org\/{rel}","templated":true}]}}