{"id":63,"date":"2023-08-13T22:01:10","date_gmt":"2023-08-14T01:01:10","guid":{"rendered":"https:\/\/acidh.org.br\/?page_id=63"},"modified":"2023-10-05T19:59:21","modified_gmt":"2023-10-05T22:59:21","slug":"fortalecimento-pessoal","status":"publish","type":"page","link":"https:\/\/acidh.org.br\/?page_id=63","title":{"rendered":"Fortalecimento Pessoal"},"content":{"rendered":"\n<p>A <strong>ACIDH<\/strong> expressa suas a\u00e7\u00f5es baseada no pensamento do <strong>Novo humanismo<\/strong>.<\/p>\n\n\n\n<p>As propostas humanistas est\u00e3o centradas em 06 pontos b\u00e1sicos:&nbsp;<\/p>\n\n\n\n<ul>\n<li>O ser humano como valor central<br>&#8230;<\/li>\n\n\n\n<li>Igualdade de oportunidade de todos<br>&#8230;<\/li>\n\n\n\n<li>O reconhecimento da diversidade pessoal e cultural<br>&#8230;<\/li>\n\n\n\n<li>Desenvolvimento do conhecimento acima do imposto como verdade absoluta<br>&#8230;<\/li>\n\n\n\n<li>Liberdade de ideias e cren\u00e7as<br>&#8230;<\/li>\n\n\n\n<li>O recha\u00e7o a todo tipo de viol\u00eancia e discrimina\u00e7\u00e3o<br><\/li>\n<\/ul>\n\n\n\n<p class=\"has-black-color has-text-color\">Realiza-se encontros semanais ou quinzenais com diferentes atividades com a finalidade de proporcionar aos participantes a tomar contato com ferramentas de <em><strong>desenvolvimento interno<\/strong><\/em>.<\/p>\n\n\n\n<p>A proposta \u00e9 iniciada com um relaxamento corporal pr\u00e9vio e em seguida realizar uma <strong><em>Experi\u00eancia Guiada<\/em><\/strong> (ferramenta Silo\u00edsta) ou estudo de temas humanistas.<\/p>\n\n\n\n<p>Finaliza-se com o interc\u00e2mbio entre os participantes a respeito de suas experi\u00eancias e a aplica\u00e7\u00e3o do tema sobre suas pr\u00f3prias vidas.&nbsp;<\/p>\n\n\n\n<p>Esta parte do encontro \u00e9 que permite um pequeno mergulho no nosso mundo interno, onde esse auto conhecimento nos permite entender mais de n\u00f3s mesmos e, consequentemente, do que acontece no mundo interno de outras pessoas.<\/p>\n\n\n\n<hr class=\"wp-block-separator has-text-color has-blue-color has-alpha-channel-opacity has-blue-background-color has-background is-style-dots\"\/>\n","protected":false},"excerpt":{"rendered":"<p>A ACIDH expressa suas a\u00e7\u00f5es baseada no pensamento do Novo humanismo. As propostas humanistas est\u00e3o centradas em 06 pontos b\u00e1sicos:&nbsp; Realiza-se encontros semanais ou quinzenais com diferentes atividades com a finalidade de proporcionar aos participantes a tomar contato com ferramentas de desenvolvimento interno. A proposta \u00e9 iniciada com um relaxamento corporal pr\u00e9vio e em seguida [&hellip;]<\/p>\n","protected":false},"author":1,"featured_media":0,"parent":55,"menu_order":4,"comment_status":"closed","ping_status":"closed","template":"templates\/full-width-page.php","meta":{"footnotes":""},"_links":{"self":[{"href":"https:\/\/acidh.org.br\/index.php?rest_route=\/wp\/v2\/pages\/63"}],"collection":[{"href":"https:\/\/acidh.org.br\/index.php?rest_route=\/wp\/v2\/pages"}],"about":[{"href":"https:\/\/acidh.org.br\/index.php?rest_route=\/wp\/v2\/types\/page"}],"author":[{"embeddable":true,"href":"https:\/\/acidh.org.br\/index.php?rest_route=\/wp\/v2\/users\/1"}],"replies":[{"embeddable":true,"href":"https:\/\/acidh.org.br\/index.php?rest_route=%2Fwp%2Fv2%2Fcomments&post=63"}],"version-history":[{"count":5,"href":"https:\/\/acidh.org.br\/index.php?rest_route=\/wp\/v2\/pages\/63\/revisions"}],"predecessor-version":[{"id":127,"href":"https:\/\/acidh.org.br\/index.php?rest_route=\/wp\/v2\/pages\/63\/revisions\/127"}],"up":[{"embeddable":true,"href":"https:\/\/acidh.org.br\/index.php?rest_route=\/wp\/v2\/pages\/55"}],"wp:attachment":[{"href":"https:\/\/acidh.org.br\/index.php?rest_route=%2Fwp%2Fv2%2Fmedia&parent=63"}],"curies":[{"name":"wp","href":"https:\/\/api.w.org\/{rel}","templated":true}]}}