{"id":65,"date":"2023-08-01T10:01:21","date_gmt":"2023-08-01T13:01:21","guid":{"rendered":"https:\/\/acidh.org.br\/?page_id=65"},"modified":"2023-10-12T19:51:33","modified_gmt":"2023-10-12T22:51:33","slug":"transparencea","status":"publish","type":"page","link":"https:\/\/acidh.org.br\/?page_id=65","title":{"rendered":"Transparencea"},"content":{"rendered":"\n<div class=\"wp-block-cover alignfull has-parallax\" style=\"min-height:480px\"><span aria-hidden=\"true\" class=\"wp-block-cover__background has-black-background-color has-background-dim-60 has-background-dim\"><\/span><div role=\"img\" class=\"wp-block-cover__image-background wp-image-133 has-parallax\" style=\"background-position:50% 50%;background-image:url(http:\/\/acidh.org.br\/wp-content\/uploads\/2023\/10\/84a747b8cb449a62c66019a1b4115f47-d5ah3rx.jpg)\"><\/div><div class=\"wp-block-cover__inner-container is-layout-flow wp-block-cover-is-layout-flow\">\n<div class=\"wp-block-group has-global-padding is-layout-constrained wp-block-group-is-layout-constrained\" style=\"margin-top:0;margin-bottom:0\">\n<div class=\"wp-block-columns is-layout-flex wp-container-4 wp-block-columns-is-layout-flex\">\n<div class=\"wp-block-column is-layout-flow wp-block-column-is-layout-flow\" style=\"flex-basis:23%\"><\/div>\n\n\n\n<div class=\"wp-block-column is-layout-flow wp-block-column-is-layout-flow\" style=\"flex-basis:54%\">\n<h2 class=\"wp-block-heading has-text-align-center has-accent-text-color has-text-color\">Transparencea<\/h2>\n\n\n\n<div style=\"height:10px\" aria-hidden=\"true\" class=\"wp-block-spacer\"><\/div>\n\n\n\n<p class=\"has-text-align-center\" style=\"margin-bottom:var(--wp--preset--spacing--medium)\">Sem finalidade pol\u00edtica ou religiosa e sem fins lucrativos.<\/p>\n<\/div>\n\n\n\n<div class=\"wp-block-column is-layout-flow wp-block-column-is-layout-flow\" style=\"flex-basis:23%\"><\/div>\n<\/div>\n<\/div>\n\n\n\n<hr class=\"wp-block-separator aligncenter has-alpha-channel-opacity\"\/>\n<\/div><\/div>\n\n\n\n<div style=\"height:40px\" aria-hidden=\"true\" class=\"wp-block-spacer\"><\/div>\n\n\n\n<h2 class=\"wp-block-heading has-text-align-center\" style=\"font-size:30px;font-style:normal;font-weight:300;line-height:1.5\">Transparencea<\/h2>\n\n\n\n<div style=\"height:30px\" aria-hidden=\"true\" class=\"wp-block-spacer\"><\/div>\n\n\n\n<div class=\"wp-block-columns is-layout-flex wp-container-9 wp-block-columns-is-layout-flex\" style=\"margin-top:var(--wp--preset--spacing--xx-small);margin-bottom:var(--wp--preset--spacing--xx-small)\">\n<div class=\"wp-block-column is-layout-flow wp-block-column-is-layout-flow\">\n<figure class=\"wp-block-image aligncenter size-full is-resized\"><img decoding=\"async\" loading=\"lazy\" src=\"http:\/\/acidh.org.br\/wp-content\/uploads\/2023\/08\/ACIDH-logo.jpeg\" alt=\"\" class=\"wp-image-74\" style=\"width:225px;height:225px\" width=\"225\" height=\"225\" srcset=\"https:\/\/acidh.org.br\/wp-content\/uploads\/2023\/08\/ACIDH-logo.jpeg 510w, https:\/\/acidh.org.br\/wp-content\/uploads\/2023\/08\/ACIDH-logo-300x300.jpeg 300w, https:\/\/acidh.org.br\/wp-content\/uploads\/2023\/08\/ACIDH-logo-150x150.jpeg 150w, https:\/\/acidh.org.br\/wp-content\/uploads\/2023\/08\/ACIDH-logo-180x180.jpeg 180w\" sizes=\"(max-width: 225px) 100vw, 225px\" \/><\/figure>\n<\/div>\n\n\n\n<div class=\"wp-block-column is-layout-flow wp-block-column-is-layout-flow\">\n<p style=\"font-size:24px\">A <strong>ACIDH<\/strong> \u2013 <em>Associa\u00e7\u00e3o Centro Integrado para o Desenvolvimento Humano<\/em> \u2013 \u00e9 uma associa\u00e7\u00e3o jur\u00eddica de direito privado, sem finalidade pol\u00edtica ou religiosa e sem fins lucrativos, podendo atuar em todo o territ\u00f3rio nacional.<\/p>\n<\/div>\n<\/div>\n\n\n\n<div style=\"height:30px\" aria-hidden=\"true\" class=\"wp-block-spacer\"><\/div>\n\n\n\n<hr class=\"wp-block-separator has-alpha-channel-opacity is-style-wide\"\/>\n\n\n\n<div style=\"height:30px\" aria-hidden=\"true\" class=\"wp-block-spacer\"><\/div>\n\n\n\n<div class=\"wp-block-group alignfull has-surface-background-color has-background has-global-padding is-layout-constrained wp-block-group-is-layout-constrained\" style=\"margin-top:0;margin-bottom:0;padding-top:var(--wp--preset--spacing--large);padding-bottom:var(--wp--preset--spacing--large)\">\n<div class=\"wp-block-columns is-layout-flex wp-container-16 wp-block-columns-is-layout-flex\">\n<div class=\"wp-block-column is-layout-flow wp-block-column-is-layout-flow\" style=\"padding-right:var(--wp--preset--spacing--xx-small);padding-left:var(--wp--preset--spacing--xx-small)\">\n<div class=\"wp-block-group has-background-background-color has-background has-global-padding is-layout-constrained wp-block-group-is-layout-constrained\" style=\"border-radius:5px;padding-top:var(--wp--preset--spacing--large);padding-right:var(--wp--preset--spacing--large);padding-bottom:var(--wp--preset--spacing--large);padding-left:var(--wp--preset--spacing--large)\">\n<figure class=\"wp-block-image size-full is-style-default\"><img decoding=\"async\" src=\"https:\/\/acidh.org.br\/wp-content\/themes\/kortez-fse\/assets\/images\/services-img1.png\" alt=\"\" class=\"wp-image-34\" style=\"object-fit:cover\"\/><\/figure>\n\n\n\n<h5 class=\"wp-block-heading\">Software &amp; Research<\/h5>\n\n\n\n<p>Blandit rem cupidatat aute minim urna, hymenaeos repellat dictumst magnam rem ac nulla integer totam.<\/p>\n<\/div>\n<\/div>\n\n\n\n<div class=\"wp-block-column is-layout-flow wp-block-column-is-layout-flow\" style=\"padding-right:var(--wp--preset--spacing--xx-small);padding-left:var(--wp--preset--spacing--xx-small)\">\n<div class=\"wp-block-group has-background-background-color has-background has-global-padding is-layout-constrained wp-block-group-is-layout-constrained\" style=\"border-radius:5px;padding-top:var(--wp--preset--spacing--large);padding-right:var(--wp--preset--spacing--large);padding-bottom:var(--wp--preset--spacing--large);padding-left:var(--wp--preset--spacing--large)\">\n<figure class=\"wp-block-image size-full is-style-default\"><img decoding=\"async\" src=\"https:\/\/acidh.org.br\/wp-content\/themes\/kortez-fse\/assets\/images\/services-img2.png\" alt=\"\" class=\"wp-image-35\" style=\"object-fit:cover\"\/><\/figure>\n\n\n\n<h5 class=\"wp-block-heading\">Marketing Strategy<\/h5>\n\n\n\n<p>Blandit rem cupidatat aute minim urna, hymenaeos repellat dictumst magnam rem ac nulla integer totam.<\/p>\n<\/div>\n<\/div>\n\n\n\n<div class=\"wp-block-column is-layout-flow wp-block-column-is-layout-flow\" style=\"padding-right:var(--wp--preset--spacing--xx-small);padding-left:var(--wp--preset--spacing--xx-small)\">\n<div class=\"wp-block-group has-background-background-color has-background has-global-padding is-layout-constrained wp-block-group-is-layout-constrained\" style=\"border-radius:5px;padding-top:var(--wp--preset--spacing--large);padding-right:var(--wp--preset--spacing--large);padding-bottom:var(--wp--preset--spacing--large);padding-left:var(--wp--preset--spacing--large)\">\n<figure class=\"wp-block-image size-full is-style-default\"><img decoding=\"async\" src=\"https:\/\/acidh.org.br\/wp-content\/themes\/kortez-fse\/assets\/images\/services-img3.png\" alt=\"\" class=\"wp-image-36\" style=\"object-fit:cover\"\/><\/figure>\n\n\n\n<h5 class=\"wp-block-heading\">Branding &amp; Identity<\/h5>\n\n\n\n<p>Blandit rem cupidatat aute minim urna, hymenaeos repellat dictumst magnam rem ac nulla integer totam.<\/p>\n<\/div>\n<\/div>\n<\/div>\n<\/div>\n\n\n\n<div style=\"height:30px\" aria-hidden=\"true\" class=\"wp-block-spacer\"><\/div>\n","protected":false},"excerpt":{"rendered":"<p>Transparencea A ACIDH \u2013 Associa\u00e7\u00e3o Centro Integrado para o Desenvolvimento Humano \u2013 \u00e9 uma associa\u00e7\u00e3o jur\u00eddica de direito privado, sem finalidade pol\u00edtica ou religiosa e sem fins lucrativos, podendo atuar em todo o territ\u00f3rio nacional. Software &amp; Research Blandit rem cupidatat aute minim urna, hymenaeos repellat dictumst magnam rem ac nulla integer totam. Marketing Strategy [&hellip;]<\/p>\n","protected":false},"author":1,"featured_media":0,"parent":0,"menu_order":5,"comment_status":"closed","ping_status":"closed","template":"","meta":{"footnotes":""},"_links":{"self":[{"href":"https:\/\/acidh.org.br\/index.php?rest_route=\/wp\/v2\/pages\/65"}],"collection":[{"href":"https:\/\/acidh.org.br\/index.php?rest_route=\/wp\/v2\/pages"}],"about":[{"href":"https:\/\/acidh.org.br\/index.php?rest_route=\/wp\/v2\/types\/page"}],"author":[{"embeddable":true,"href":"https:\/\/acidh.org.br\/index.php?rest_route=\/wp\/v2\/users\/1"}],"replies":[{"embeddable":true,"href":"https:\/\/acidh.org.br\/index.php?rest_route=%2Fwp%2Fv2%2Fcomments&post=65"}],"version-history":[{"count":6,"href":"https:\/\/acidh.org.br\/index.php?rest_route=\/wp\/v2\/pages\/65\/revisions"}],"predecessor-version":[{"id":356,"href":"https:\/\/acidh.org.br\/index.php?rest_route=\/wp\/v2\/pages\/65\/revisions\/356"}],"wp:attachment":[{"href":"https:\/\/acidh.org.br\/index.php?rest_route=%2Fwp%2Fv2%2Fmedia&parent=65"}],"curies":[{"name":"wp","href":"https:\/\/api.w.org\/{rel}","templated":true}]}}